{"id":8585,"date":"2025-04-01T12:03:12","date_gmt":"2025-04-01T12:03:12","guid":{"rendered":"https:\/\/pathum.eu\/dankeschoen-seite\/"},"modified":"2025-04-17T09:28:48","modified_gmt":"2025-04-17T09:28:48","slug":"dankeschoen-seite","status":"publish","type":"page","link":"https:\/\/pathum.eu\/de\/dankeschoen-seite\/","title":{"rendered":"Dankesch\u00f6n-Seite"},"content":{"rendered":"\t\t<div data-elementor-type=\"wp-post\" data-elementor-id=\"8585\" class=\"elementor elementor-8585 elementor-5328\" data-elementor-post-type=\"page\">\n\t\t\t\t\t\t<div class=\"elementor-section elementor-top-section elementor-element elementor-element-7b641ca elementor-section-stretched elementor-section-content-middle elementor-section-boxed elementor-section-height-default elementor-section-height-default\" data-id=\"7b641ca\" data-element_type=\"section\" data-settings=\"{&quot;stretch_section&quot;:&quot;section-stretched&quot;}\">\n\t\t\t\t\t\t<div class=\"elementor-container elementor-column-gap-no\">\n\t\t\t\t\t<div class=\"elementor-column elementor-col-50 elementor-top-column elementor-element elementor-element-fbf6ded\" data-id=\"fbf6ded\" data-element_type=\"column\">\n\t\t\t<div class=\"elementor-widget-wrap elementor-element-populated\">\n\t\t\t\t\t\t<div class=\"elementor-element elementor-element-2844ed0 elementor-widget elementor-widget-image\" data-id=\"2844ed0\" data-element_type=\"widget\" data-widget_type=\"image.default\">\n\t\t\t\t<div class=\"elementor-widget-container\">\n\t\t\t\t\t\t\t\t\t\t\t\t\t\t\t<img fetchpriority=\"high\" decoding=\"async\" width=\"2000\" height=\"2000\" src=\"https:\/\/pathum.eu\/wp-content\/uploads\/2025\/04\/37455941_8459743.webp\" class=\"attachment-full size-full wp-image-8586\" alt=\"\" srcset=\"https:\/\/pathum.eu\/wp-content\/uploads\/2025\/04\/37455941_8459743.webp 2000w, https:\/\/pathum.eu\/wp-content\/uploads\/2025\/04\/37455941_8459743-300x300.webp 300w, https:\/\/pathum.eu\/wp-content\/uploads\/2025\/04\/37455941_8459743-1024x1024.webp 1024w, https:\/\/pathum.eu\/wp-content\/uploads\/2025\/04\/37455941_8459743-150x150.webp 150w, https:\/\/pathum.eu\/wp-content\/uploads\/2025\/04\/37455941_8459743-768x768.webp 768w, https:\/\/pathum.eu\/wp-content\/uploads\/2025\/04\/37455941_8459743-1536x1536.webp 1536w, https:\/\/pathum.eu\/wp-content\/uploads\/2025\/04\/37455941_8459743-100x100.webp 100w\" sizes=\"(max-width: 2000px) 100vw, 2000px\" \/>\t\t\t\t\t\t\t\t\t\t\t\t\t\t\t<\/div>\n\t\t\t\t<\/div>\n\t\t\t\t\t<\/div>\n\t\t<\/div>\n\t\t\t\t<div class=\"elementor-column elementor-col-50 elementor-top-column elementor-element elementor-element-d79919c\" data-id=\"d79919c\" data-element_type=\"column\">\n\t\t\t<div class=\"elementor-widget-wrap elementor-element-populated\">\n\t\t\t\t\t\t<div class=\"elementor-element elementor-element-2fb6684 elementor-widget elementor-widget-heading\" data-id=\"2fb6684\" data-element_type=\"widget\" data-widget_type=\"heading.default\">\n\t\t\t\t<div class=\"elementor-widget-container\">\n\t\t\t\t\t<h2 class=\"elementor-heading-title elementor-size-default\">Vielen Dank! \ud83c\udf89<\/h2>\t\t\t\t<\/div>\n\t\t\t\t<\/div>\n\t\t\t\t<div class=\"elementor-element elementor-element-263472f elementor-widget elementor-widget-text-editor\" data-id=\"263472f\" data-element_type=\"widget\" data-widget_type=\"text-editor.default\">\n\t\t\t\t<div class=\"elementor-widget-container\">\n\t\t\t\t\t\t\t\t\t<p>Wir freuen uns, dass Sie dabei sind. Pr\u00fcfen Sie Ihre E-Mail f\u00fcr weitere Details. Wenn Sie Fragen haben, k\u00f6nnen Sie uns gerne kontaktieren!  <\/p>\t\t\t\t\t\t\t\t<\/div>\n\t\t\t\t<\/div>\n\t\t\t\t<div class=\"elementor-element elementor-element-ddd1c8a elementor-align-left elementor-widget elementor-widget-elementskit-button\" data-id=\"ddd1c8a\" data-element_type=\"widget\" data-widget_type=\"elementskit-button.default\">\n\t\t\t\t<div class=\"elementor-widget-container\">\n\t\t\t\t\t<div class=\"ekit-wid-con\" >\t\t<div class=\"ekit-btn-wraper\">\n\t\t\t\t\t\t\t<a href=\"https:\/\/pathum.eu\/\" class=\"elementskit-btn  whitespace--normal\" id=\"\">\n\t\t\t\t\tZUR HOMEPAGE GEHEN\t\t\t\t<\/a>\n\t\t\t\t\t<\/div>\n        <\/div>\t\t\t\t<\/div>\n\t\t\t\t<\/div>\n\t\t\t\t\t<\/div>\n\t\t<\/div>\n\t\t\t\t\t<\/div>\n\t\t<\/div>\n\t\t\t\t<\/div>\n\t\t","protected":false},"excerpt":{"rendered":"<p>Vielen Dank! \ud83c\udf89 Wir freuen uns, dass Sie dabei sind. Pr\u00fcfen Sie Ihre E-Mail f\u00fcr weitere Details. Wenn Sie Fragen haben, k\u00f6nnen Sie uns gerne kontaktieren! ZUR HOMEPAGE GEHEN<\/p>\n","protected":false},"author":1,"featured_media":0,"parent":0,"menu_order":0,"comment_status":"closed","ping_status":"closed","template":"","meta":{"_acf_changed":false,"give_campaign_id":0,"footnotes":""},"class_list":["post-8585","page","type-page","status-publish","hentry"],"acf":[],"campaignId":"","_links":{"self":[{"href":"https:\/\/pathum.eu\/de\/wp-json\/wp\/v2\/pages\/8585","targetHints":{"allow":["GET"]}}],"collection":[{"href":"https:\/\/pathum.eu\/de\/wp-json\/wp\/v2\/pages"}],"about":[{"href":"https:\/\/pathum.eu\/de\/wp-json\/wp\/v2\/types\/page"}],"author":[{"embeddable":true,"href":"https:\/\/pathum.eu\/de\/wp-json\/wp\/v2\/users\/1"}],"replies":[{"embeddable":true,"href":"https:\/\/pathum.eu\/de\/wp-json\/wp\/v2\/comments?post=8585"}],"version-history":[{"count":2,"href":"https:\/\/pathum.eu\/de\/wp-json\/wp\/v2\/pages\/8585\/revisions"}],"predecessor-version":[{"id":9179,"href":"https:\/\/pathum.eu\/de\/wp-json\/wp\/v2\/pages\/8585\/revisions\/9179"}],"wp:attachment":[{"href":"https:\/\/pathum.eu\/de\/wp-json\/wp\/v2\/media?parent=8585"}],"curies":[{"name":"wp","href":"https:\/\/api.w.org\/{rel}","templated":true}]}}