{"id":8527,"date":"2019-07-01T06:54:50","date_gmt":"2019-07-01T06:54:50","guid":{"rendered":"https:\/\/pathum.eu\/bedingungen-konditionen\/"},"modified":"2025-04-23T11:07:49","modified_gmt":"2025-04-23T11:07:49","slug":"bedingungen-konditionen","status":"publish","type":"page","link":"https:\/\/pathum.eu\/de\/bedingungen-konditionen\/","title":{"rendered":"Bedingungen &amp; Konditionen"},"content":{"rendered":"\t\t<div data-elementor-type=\"wp-page\" data-elementor-id=\"8527\" class=\"elementor elementor-8527 elementor-2428\" data-elementor-post-type=\"page\">\n\t\t\t\t<div class=\"elementor-element elementor-element-a9e003a e-flex e-con-boxed e-con e-parent\" data-id=\"a9e003a\" data-element_type=\"container\">\n\t\t\t\t\t<div class=\"e-con-inner\">\n\t\t\t\t<div class=\"elementor-element elementor-element-1a384fb elementor-widget elementor-widget-text-editor\" data-id=\"1a384fb\" data-element_type=\"widget\" data-widget_type=\"text-editor.default\">\n\t\t\t\t<div class=\"elementor-widget-container\">\n\t\t\t\t\t\t\t\t\t<p>Bedingungen und Konditionen<\/p>\n<p>Zuletzt aktualisiert: 22. April, 2025<\/p>\n<p>Willkommen auf der Website von The Path to Humanity A.S.B.L., einer in Luxemburg unter der Nummer F14205 eingetragenen gemeinn\u00fctzigen Vereinigung. Indem Sie auf diese Website zugreifen oder sie nutzen, erkl\u00e4ren Sie sich mit den vorliegenden Bedingungen einverstanden. Wenn Sie mit irgendeinem Teil dieser Bedingungen nicht einverstanden sind, sehen Sie bitte von der Nutzung unserer Website ab.  <\/p>\n<p><strong>1. \u00dcber uns<\/strong><\/p>\n<p>The Path to Humanity ist ein gemeinn\u00fctziger Verein (A.S.B.L.), der nach luxemburgischem Recht gegr\u00fcndet wurde. Unsere Aufgabe ist die F\u00f6rderung der Freiwilligenarbeit, des Tierschutzes und des Umweltschutzes zu Lande und zu Wasser. <\/p>\n<p>Eingetragener Sitz:<\/p>\n<p>11, Rue Chemin de Fer<\/p>\n<p>L-3466 DUDELANGE<\/p>\n<p>Luxemburg<\/p>\n<p>Handelskammersnummer: F14205<\/p>\n<p><strong>2. Nutzung der Website<\/strong><\/p>\n<p>Durch die Nutzung dieser Website erkl\u00e4ren Sie sich damit einverstanden:<\/p>\n<p>- Verwenden Sie die Website nur f\u00fcr rechtm\u00e4\u00dfige Zwecke.<\/p>\n<p>- Unterlassen Sie jegliche Aktivit\u00e4ten, die das ordnungsgem\u00e4\u00dfe Funktionieren der Website st\u00f6ren oder beeintr\u00e4chtigen k\u00f6nnten.<\/p>\n<p>- Nicht zu versuchen, sich unbefugten Zugang zu irgendeinem Teil der Website, ihrer Server oder Netzwerke zu verschaffen.<\/p>\n<p>- Respektieren Sie die Rechte am geistigen Eigentum, die mit den Inhalten der Website verbunden sind.<\/p>\n<p><strong>3. Geistiges Eigentum<\/strong><\/p>\n<p>Sofern nicht anders angegeben, ist der gesamte Inhalt dieser Website (einschlie\u00dflich Texte, Bilder, Logos, Videos und Grafiken) Eigentum von The Path to Humanity A.S.B.L. oder seiner Lizenzgeber und ist durch die geltenden Gesetze zum Schutz des Urheberrechts und des geistigen Eigentums gesch\u00fctzt.<\/p>\n<p>Sie d\u00fcrfen:<\/p>\n<p>- Sie k\u00f6nnen die Seiten f\u00fcr Ihren pers\u00f6nlichen, nicht-kommerziellen Gebrauch ansehen und ausdrucken.<\/p>\n<p>Das d\u00fcrfen Sie nicht:<\/p>\n<p>- Inhalte ohne ausdr\u00fcckliche schriftliche Genehmigung zu reproduzieren, zu vervielf\u00e4ltigen, zu kopieren, zu verkaufen oder anderweitig zu kommerziellen Zwecken zu nutzen.<\/p>\n<p><strong>4. Spenden und Zahlungen<\/strong><\/p>\n<p>Alle \u00fcber diese Website get\u00e4tigten Spenden sind freiwillig und nicht r\u00fcckzahlbar, sofern nicht anders angegeben. Alle finanziellen Transaktionen werden sicher und in \u00dcbereinstimmung mit den geltenden Vorschriften abgewickelt. <\/p>\n<p>Wir speichern keine Kreditkarten- oder Bankdaten auf unseren Servern.<\/p>\n<p><strong>5. Externe Links<\/strong><\/p>\n<p>Unsere Website kann Links zu Websites Dritter enthalten. Wir haben keine Kontrolle \u00fcber den Inhalt oder die Verf\u00fcgbarkeit dieser Websites und \u00fcbernehmen keine Verantwortung f\u00fcr sie oder f\u00fcr Verluste oder Sch\u00e4den, die aus der Nutzung dieser Websites entstehen k\u00f6nnen. <\/p>\n<p><strong>6. Haftungsverzicht<\/strong><\/p>\n<p>Obwohl wir uns bem\u00fchen, die Informationen auf unserer Website genau und aktuell zu halten, geben wir keine ausdr\u00fccklichen oder stillschweigenden Zusicherungen oder Gew\u00e4hrleistungen in Bezug auf die Vollst\u00e4ndigkeit, Genauigkeit, Zuverl\u00e4ssigkeit, Eignung oder Verf\u00fcgbarkeit der Website oder der darin enthaltenen Informationen.<\/p>\n<p>The Path to Humanity A.S.B.L. haftet, soweit gesetzlich zul\u00e4ssig, nicht f\u00fcr direkte, indirekte oder Folgesch\u00e4den, die sich aus der Nutzung dieser Website ergeben.<\/p>\n<p>Privatsph\u00e4re und Datenschutz<\/p>\n<p>Wir verpflichten uns, Ihre Privatsph\u00e4re zu sch\u00fctzen und Ihre pers\u00f6nlichen Daten in \u00dcbereinstimmung mit der Allgemeinen Datenschutzverordnung (GDPR) zu behandeln.<\/p>\n<p>Einzelheiten dar\u00fcber, wie wir personenbezogene Daten erfassen, verwenden und speichern, finden Sie in unserer Datenschutzrichtlinie.<\/p>\n<p>\u00c4nderungen der vorliegenden Bedingungen<\/p>\n<p>Wir behalten uns das Recht vor, diese Allgemeinen Gesch\u00e4ftsbedingungen jederzeit zu aktualisieren oder zu \u00e4ndern. Alle \u00c4nderungen werden auf dieser Seite mit dem Datum der Aktualisierung ver\u00f6ffentlicht. <\/p>\n<p>Durch die fortgesetzte Nutzung der Website nach der Ver\u00f6ffentlichung von \u00c4nderungen erkl\u00e4ren Sie sich mit diesen \u00c4nderungen einverstanden.<\/p>\n<p><strong>9. Geltendes Recht und Gerichtsstand<\/strong><\/p>\n<p>Diese Bedingungen unterliegen den Gesetzen des Gro\u00dfherzogtums Luxemburg und sind gem\u00e4\u00df diesen auszulegen. Alle Streitigkeiten, die sich im Zusammenhang mit diesen Bedingungen ergeben, unterliegen der ausschlie\u00dflichen Zust\u00e4ndigkeit der Gerichte in Luxemburg. <\/p>\n<p><strong>10. Kontakt<\/strong><\/p>\n<p>Wenn Sie Fragen zu diesen Allgemeinen Gesch\u00e4ftsbedingungen haben, wenden Sie sich bitte an uns:<\/p>\n<p>E-Mail: info@pathun.eu<\/p>\n<p>Telefon: +20 1501237522<\/p>\n<p>Postanschrift: 14, Rue Chemin de Fer, L-3466 DUDELANGE, Luxemburg<\/p>\t\t\t\t\t\t\t\t<\/div>\n\t\t\t\t<\/div>\n\t\t\t\t\t<\/div>\n\t\t\t\t<\/div>\n\t\t\t\t<\/div>\n\t\t","protected":false},"excerpt":{"rendered":"<p>Bedingungen und Konditionen Zuletzt aktualisiert: 22. April, 2025 Willkommen auf der Website von The Path to Humanity A.S.B.L., einer in Luxemburg unter der Nummer F14205 eingetragenen gemeinn\u00fctzigen Vereinigung. Indem Sie auf diese Website zugreifen oder sie nutzen, erkl\u00e4ren Sie sich mit den vorliegenden Bedingungen einverstanden. Wenn Sie mit irgendeinem Teil dieser Bedingungen nicht einverstanden sind, &hellip; <\/p>\n<p class=\"link-more\"><a href=\"https:\/\/pathum.eu\/de\/bedingungen-konditionen\/\" class=\"more-link\">Mehr lesen<span class=\"screen-reader-text\"> &#8222;Bedingungen &amp; Konditionen&#8220;<\/span><\/a><\/p>\n","protected":false},"author":1,"featured_media":0,"parent":0,"menu_order":0,"comment_status":"closed","ping_status":"closed","template":"","meta":{"_acf_changed":false,"give_campaign_id":0,"footnotes":""},"class_list":["post-8527","page","type-page","status-publish","hentry"],"acf":[],"campaignId":"","_links":{"self":[{"href":"https:\/\/pathum.eu\/de\/wp-json\/wp\/v2\/pages\/8527","targetHints":{"allow":["GET"]}}],"collection":[{"href":"https:\/\/pathum.eu\/de\/wp-json\/wp\/v2\/pages"}],"about":[{"href":"https:\/\/pathum.eu\/de\/wp-json\/wp\/v2\/types\/page"}],"author":[{"embeddable":true,"href":"https:\/\/pathum.eu\/de\/wp-json\/wp\/v2\/users\/1"}],"replies":[{"embeddable":true,"href":"https:\/\/pathum.eu\/de\/wp-json\/wp\/v2\/comments?post=8527"}],"version-history":[{"count":4,"href":"https:\/\/pathum.eu\/de\/wp-json\/wp\/v2\/pages\/8527\/revisions"}],"predecessor-version":[{"id":14757,"href":"https:\/\/pathum.eu\/de\/wp-json\/wp\/v2\/pages\/8527\/revisions\/14757"}],"wp:attachment":[{"href":"https:\/\/pathum.eu\/de\/wp-json\/wp\/v2\/media?parent=8527"}],"curies":[{"name":"wp","href":"https:\/\/api.w.org\/{rel}","templated":true}]}}