{"id":8516,"date":"2019-07-08T06:51:35","date_gmt":"2019-07-08T06:51:35","guid":{"rendered":"https:\/\/pathum.eu\/alle-formulare\/"},"modified":"2025-04-16T07:14:04","modified_gmt":"2025-04-16T07:14:04","slug":"alle-formulare","status":"publish","type":"page","link":"https:\/\/pathum.eu\/de\/alle-formulare\/","title":{"rendered":"Alle Formulare"},"content":{"rendered":"\t\t<div data-elementor-type=\"wp-post\" data-elementor-id=\"8516\" class=\"elementor elementor-8516 elementor-1885\" data-elementor-post-type=\"page\">\n\t\t\t\t\t\t<div class=\"elementor-section elementor-top-section elementor-element elementor-element-89dd525 elementor-section-stretched elementor-section-boxed elementor-section-height-default elementor-section-height-default\" data-id=\"89dd525\" data-element_type=\"section\" data-settings=\"{&quot;stretch_section&quot;:&quot;section-stretched&quot;}\">\n\t\t\t\t\t\t<div class=\"elementor-container elementor-column-gap-no\">\n\t\t\t\t\t<div class=\"elementor-column elementor-col-100 elementor-top-column elementor-element elementor-element-ed7da3d\" data-id=\"ed7da3d\" data-element_type=\"column\">\n\t\t\t<div class=\"elementor-widget-wrap elementor-element-populated\">\n\t\t\t\t\t\t<div class=\"elementor-element elementor-element-964a32e elementor-widget elementor-widget-shortcode\" data-id=\"964a32e\" data-element_type=\"widget\" data-widget_type=\"shortcode.default\">\n\t\t\t\t<div class=\"elementor-widget-container\">\n\t\t\t\t\t\t\t<div class=\"elementor-shortcode\"><div class=\"give-wrap\"><div class=\"give-grid give-grid--3\">\n<div class=\"give-grid__item\">\n    <a id=\"give-card-8652\" class=\"give-card\" href=\"https:\/\/pathum.eu\/de\/donations\/spendenformular\/\">\n    <div class=\"give-card__body\">\n        <div class=\"wrap-label\"><div class=\"label success\">Successful<\/div><\/div><h3 class=\"give-card__title\">Spendenformular<\/h3>\n        <div class=\"give-card__meta\">\n\n            <span class=\"give-card__posted-on\">\n                  <span class=\"entry-date\"><i class=\"fa fa-clock-o\"><\/i>1 year, 4 days ago<\/span>\n            <\/span>\n\n\n            \n        <\/div>\n        <p class=\"give-card__text\"><\/p>    <\/div>\n\n        <\/a>\n    <\/div>\n\n<div class=\"give-grid__item\">\n    <a id=\"give-card-8633\" class=\"give-card\" href=\"https:\/\/pathum.eu\/de\/donations\/givewp-spendenformular\/\">\n    <div class=\"give-card__body\">\n        <div class=\"wrap-label\"><div class=\"label success\">Successful<\/div><\/div><h3 class=\"give-card__title\">GiveWP-Spendenformular<\/h3>\n        <div class=\"give-card__meta\">\n\n            <span class=\"give-card__posted-on\">\n                  <span class=\"entry-date\"><i class=\"fa fa-clock-o\"><\/i>1 year, 1 day ago<\/span>\n            <\/span>\n\n\n            \n        <\/div>\n        <p class=\"give-card__text\"><\/p>    <\/div>\n\n        <\/a>\n    <\/div>\n\n<div class=\"give-grid__item\">\n    <a id=\"give-card-8637\" class=\"give-card\" href=\"https:\/\/pathum.eu\/de\/donations\/die-in-sicheren-trockenen-haeusern-lebten\/\">\n    <div class=\"give-card__body\">\n        <div class=\"wrap-label\"><div class=\"label success\">Successful<\/div><\/div><h3 class=\"give-card__title\">Die in sicheren, trockenen H\u00e4usern lebten<\/h3>\n        <div class=\"give-card__meta\">\n\n            <span class=\"give-card__posted-on\">\n                  <span class=\"entry-date\"><i class=\"fa fa-clock-o\"><\/i>7 years, 4 months, 1 day ago<\/span>\n            <\/span>\n\n\n            \n        <\/div>\n        <p class=\"give-card__text\">St\u00e4ndiges Keuchen und Husten in Ihrer Familie? Hautausschl\u00e4ge, Asthma und Bronchitis sind h\u00e4ufige Probleme bei Kindern...<\/p>    <\/div>\n\n        <\/a>\n    <\/div>\n\n<div class=\"give-grid__item\">\n    <a id=\"give-card-8649\" class=\"give-card\" href=\"https:\/\/pathum.eu\/de\/donations\/schnell-in-die-gemeinschaft-integrieren-3\/\">\n    <div class=\"give-card__body\">\n        <div class=\"wrap-label\"><div class=\"label success\">Successful<\/div><\/div><h3 class=\"give-card__title\">Schnell in die Gemeinschaft integrieren<\/h3>\n        <div class=\"give-card__meta\">\n\n            <span class=\"give-card__posted-on\">\n                  <span class=\"entry-date\"><i class=\"fa fa-clock-o\"><\/i>7 years, 4 months, 1 day ago<\/span>\n            <\/span>\n\n\n            \n        <\/div>\n        <p class=\"give-card__text\">Da sich das Publikum schnell online bewegt, ist die Frage nicht mehr zweideutig. Stattdessen erm\u00f6glichen Daten...<\/p>    <\/div>\n\n        <\/a>\n    <\/div>\n\n<div class=\"give-grid__item\">\n    <a id=\"give-card-8650\" class=\"give-card\" href=\"https:\/\/pathum.eu\/de\/donations\/spenden-ist-hoffnung-fuer-fluechtlinge-3\/\">\n    <div class=\"give-card__body\">\n        <div class=\"wrap-label\"><div class=\"label success\">Successful<\/div><\/div><h3 class=\"give-card__title\">Spenden ist Hoffnung f\u00fcr Fl\u00fcchtlinge<\/h3>\n        <div class=\"give-card__meta\">\n\n            <span class=\"give-card__posted-on\">\n                  <span class=\"entry-date\"><i class=\"fa fa-clock-o\"><\/i>7 years, 4 months, 1 day ago<\/span>\n            <\/span>\n\n\n            \n        <\/div>\n        <p class=\"give-card__text\">Alle zwei Sekunden ist irgendwo auf der Welt jemand gezwungen zu fliehen. Doch allzu oft betrachtet...<\/p>    <\/div>\n\n        <\/a>\n    <\/div>\n\n<div class=\"give-grid__item\">\n    <a id=\"give-card-8647\" class=\"give-card\" href=\"https:\/\/pathum.eu\/de\/donations\/die-in-sicheren-trockenen-haeusern-lebten-2\/\">\n    <div class=\"give-card__body\">\n        <div class=\"wrap-label\"><div class=\"label success\">Successful<\/div><\/div><h3 class=\"give-card__title\">Die in sicheren, trockenen H\u00e4usern lebten<\/h3>\n        <div class=\"give-card__meta\">\n\n            <span class=\"give-card__posted-on\">\n                  <span class=\"entry-date\"><i class=\"fa fa-clock-o\"><\/i>7 years, 4 months, 1 day ago<\/span>\n            <\/span>\n\n\n            \n        <\/div>\n        <p class=\"give-card__text\">Lorem ipsum dolor sit amet, consectetur adipisicing elit, sed do eiusmod tempor incididunt ut labore et...<\/p>    <\/div>\n\n        <\/a>\n    <\/div>\n<\/div><!-- .give-grid --><div class=\"give-page-numbers\"><span aria-current=\"page\" class=\"page-numbers current\">1<\/span>\n<a class=\"page-numbers\" href=\"https:\/\/pathum.eu\/de\/wp-json\/wp\/v2\/pages\/8516\/page\/2\/\">2<\/a>\n<a class=\"next page-numbers\" href=\"https:\/\/pathum.eu\/de\/wp-json\/wp\/v2\/pages\/8516\/page\/2\/\">Next &raquo;<\/a><\/div><\/div><!-- .give-wrap --><\/div>\n\t\t\t\t\t\t<\/div>\n\t\t\t\t<\/div>\n\t\t\t\t\t<\/div>\n\t\t<\/div>\n\t\t\t\t\t<\/div>\n\t\t<\/div>\n\t\t\t\t<\/div>\n\t\t","protected":false},"excerpt":{"rendered":"","protected":false},"author":1,"featured_media":0,"parent":0,"menu_order":0,"comment_status":"closed","ping_status":"closed","template":"page-elementor.php","meta":{"_acf_changed":false,"give_campaign_id":0,"footnotes":""},"class_list":["post-8516","page","type-page","status-publish","hentry"],"acf":[],"campaignId":"","_links":{"self":[{"href":"https:\/\/pathum.eu\/de\/wp-json\/wp\/v2\/pages\/8516","targetHints":{"allow":["GET"]}}],"collection":[{"href":"https:\/\/pathum.eu\/de\/wp-json\/wp\/v2\/pages"}],"about":[{"href":"https:\/\/pathum.eu\/de\/wp-json\/wp\/v2\/types\/page"}],"author":[{"embeddable":true,"href":"https:\/\/pathum.eu\/de\/wp-json\/wp\/v2\/users\/1"}],"replies":[{"embeddable":true,"href":"https:\/\/pathum.eu\/de\/wp-json\/wp\/v2\/comments?post=8516"}],"version-history":[{"count":1,"href":"https:\/\/pathum.eu\/de\/wp-json\/wp\/v2\/pages\/8516\/revisions"}],"predecessor-version":[{"id":8523,"href":"https:\/\/pathum.eu\/de\/wp-json\/wp\/v2\/pages\/8516\/revisions\/8523"}],"wp:attachment":[{"href":"https:\/\/pathum.eu\/de\/wp-json\/wp\/v2\/media?parent=8516"}],"curies":[{"name":"wp","href":"https:\/\/api.w.org\/{rel}","templated":true}]}}