{"id":8511,"date":"2019-07-03T07:34:37","date_gmt":"2019-07-03T07:34:37","guid":{"rendered":"https:\/\/pathum.eu\/mitglieder\/"},"modified":"2025-04-16T07:14:04","modified_gmt":"2025-04-16T07:14:04","slug":"mitglieder","status":"publish","type":"page","link":"https:\/\/pathum.eu\/de\/mitglieder\/","title":{"rendered":"Mitglieder"},"content":{"rendered":"\t\t<div data-elementor-type=\"wp-page\" data-elementor-id=\"8511\" class=\"elementor elementor-8511 elementor-1157\" data-elementor-post-type=\"page\">\n\t\t\t\t<div class=\"elementor-element elementor-element-4fbd8607 e-flex e-con-boxed e-con e-parent\" data-id=\"4fbd8607\" data-element_type=\"container\">\n\t\t\t\t\t<div class=\"e-con-inner\">\n\t\t\t\t<div class=\"elementor-element elementor-element-78a8a352 elementor-widget elementor-widget-text-editor\" data-id=\"78a8a352\" data-element_type=\"widget\" data-widget_type=\"text-editor.default\">\n\t\t\t\t<div class=\"elementor-widget-container\">\n\t\t\t\t\t\t\t\t\t<p>Jeder kann Mitglied werden, indem er 25 \u20ac mit dem Vermerk &#8222;Mitglied&#8220; auf das folgende Konto \u00fcberweist:<\/p><p>CCPL - IBAN LU88 1111 7584 3690 0000 oder \u00fcber PayPal an <a class=\"cursor-pointer\" href=\"mailto:info@pathum.eu\" rel=\"noopener\" data-start=\"194\" data-end=\"208\">info@pathum.eu<\/a><\/p><p>DANKESCH\u00d6N<\/p>\t\t\t\t\t\t\t\t<\/div>\n\t\t\t\t<\/div>\n\t\t\t\t\t<\/div>\n\t\t\t\t<\/div>\n\t\t<div class=\"elementor-element elementor-element-6e169203 e-grid e-con-boxed e-con e-parent\" data-id=\"6e169203\" data-element_type=\"container\">\n\t\t\t\t\t<div class=\"e-con-inner\">\n\t\t\t\t<div class=\"elementor-element elementor-element-2e7b4176 elementor-widget elementor-widget-image\" data-id=\"2e7b4176\" data-element_type=\"widget\" data-widget_type=\"image.default\">\n\t\t\t\t<div class=\"elementor-widget-container\">\n\t\t\t\t\t\t\t\t\t\t\t\t\t\t\t<img fetchpriority=\"high\" decoding=\"async\" width=\"725\" height=\"1024\" src=\"https:\/\/pathum.eu\/wp-content\/uploads\/2025\/04\/Bamberg-Patrice-725x1024-1.webp\" class=\"attachment-full size-full wp-image-6213\" alt=\"\" srcset=\"https:\/\/pathum.eu\/wp-content\/uploads\/2025\/04\/Bamberg-Patrice-725x1024-1.webp 725w, https:\/\/pathum.eu\/wp-content\/uploads\/2025\/04\/Bamberg-Patrice-725x1024-1-212x300.webp 212w\" sizes=\"(max-width: 725px) 100vw, 725px\" \/>\t\t\t\t\t\t\t\t\t\t\t\t\t\t\t<\/div>\n\t\t\t\t<\/div>\n\t\t\t\t<div class=\"elementor-element elementor-element-49b0aabb elementor-widget elementor-widget-image\" data-id=\"49b0aabb\" data-element_type=\"widget\" data-widget_type=\"image.default\">\n\t\t\t\t<div class=\"elementor-widget-container\">\n\t\t\t\t\t\t\t\t\t\t\t\t\t\t\t<img decoding=\"async\" width=\"725\" height=\"1024\" src=\"https:\/\/pathum.eu\/wp-content\/uploads\/2025\/04\/Hemes-Yasmine-725x1024-1.webp\" class=\"attachment-full size-full wp-image-6214\" alt=\"\" srcset=\"https:\/\/pathum.eu\/wp-content\/uploads\/2025\/04\/Hemes-Yasmine-725x1024-1.webp 725w, https:\/\/pathum.eu\/wp-content\/uploads\/2025\/04\/Hemes-Yasmine-725x1024-1-212x300.webp 212w\" sizes=\"(max-width: 725px) 100vw, 725px\" \/>\t\t\t\t\t\t\t\t\t\t\t\t\t\t\t<\/div>\n\t\t\t\t<\/div>\n\t\t\t\t<div class=\"elementor-element elementor-element-76ae7438 elementor-widget elementor-widget-image\" data-id=\"76ae7438\" data-element_type=\"widget\" data-widget_type=\"image.default\">\n\t\t\t\t<div class=\"elementor-widget-container\">\n\t\t\t\t\t\t\t\t\t\t\t\t\t\t\t<img decoding=\"async\" width=\"725\" height=\"1024\" src=\"https:\/\/pathum.eu\/wp-content\/uploads\/2025\/04\/Hilbert-Lydie-725x1024-1.webp\" class=\"attachment-full size-full wp-image-6215\" alt=\"\" srcset=\"https:\/\/pathum.eu\/wp-content\/uploads\/2025\/04\/Hilbert-Lydie-725x1024-1.webp 725w, https:\/\/pathum.eu\/wp-content\/uploads\/2025\/04\/Hilbert-Lydie-725x1024-1-212x300.webp 212w\" sizes=\"(max-width: 725px) 100vw, 725px\" \/>\t\t\t\t\t\t\t\t\t\t\t\t\t\t\t<\/div>\n\t\t\t\t<\/div>\n\t\t\t\t<div class=\"elementor-element elementor-element-d344102 elementor-widget elementor-widget-image\" data-id=\"d344102\" data-element_type=\"widget\" data-widget_type=\"image.default\">\n\t\t\t\t<div class=\"elementor-widget-container\">\n\t\t\t\t\t\t\t\t\t\t\t\t\t\t\t<img loading=\"lazy\" decoding=\"async\" width=\"725\" height=\"1024\" src=\"https:\/\/pathum.eu\/wp-content\/uploads\/2025\/04\/Thill-Daubenfeld-Sonja-725x1024-1.webp\" class=\"attachment-full size-full wp-image-6216\" alt=\"\" srcset=\"https:\/\/pathum.eu\/wp-content\/uploads\/2025\/04\/Thill-Daubenfeld-Sonja-725x1024-1.webp 725w, https:\/\/pathum.eu\/wp-content\/uploads\/2025\/04\/Thill-Daubenfeld-Sonja-725x1024-1-212x300.webp 212w\" sizes=\"(max-width: 725px) 100vw, 725px\" \/>\t\t\t\t\t\t\t\t\t\t\t\t\t\t\t<\/div>\n\t\t\t\t<\/div>\n\t\t\t\t<div class=\"elementor-element elementor-element-2c5c8eee elementor-widget elementor-widget-image\" data-id=\"2c5c8eee\" data-element_type=\"widget\" data-widget_type=\"image.default\">\n\t\t\t\t<div class=\"elementor-widget-container\">\n\t\t\t\t\t\t\t\t\t\t\t\t\t\t\t<img loading=\"lazy\" decoding=\"async\" width=\"725\" height=\"1024\" src=\"https:\/\/pathum.eu\/wp-content\/uploads\/2025\/04\/Thill-Daubenfeld-Romain-725x1024-1.webp\" class=\"attachment-full size-full wp-image-6217\" alt=\"\" srcset=\"https:\/\/pathum.eu\/wp-content\/uploads\/2025\/04\/Thill-Daubenfeld-Romain-725x1024-1.webp 725w, https:\/\/pathum.eu\/wp-content\/uploads\/2025\/04\/Thill-Daubenfeld-Romain-725x1024-1-212x300.webp 212w\" sizes=\"(max-width: 725px) 100vw, 725px\" \/>\t\t\t\t\t\t\t\t\t\t\t\t\t\t\t<\/div>\n\t\t\t\t<\/div>\n\t\t\t\t<div class=\"elementor-element elementor-element-562eacb4 elementor-widget elementor-widget-image\" data-id=\"562eacb4\" data-element_type=\"widget\" data-widget_type=\"image.default\">\n\t\t\t\t<div class=\"elementor-widget-container\">\n\t\t\t\t\t\t\t\t\t\t\t\t\t\t\t<img loading=\"lazy\" decoding=\"async\" width=\"725\" height=\"1024\" src=\"https:\/\/pathum.eu\/wp-content\/uploads\/2025\/04\/Catellani-Carine-725x1024-1.webp\" class=\"attachment-full size-full wp-image-6218\" alt=\"\" srcset=\"https:\/\/pathum.eu\/wp-content\/uploads\/2025\/04\/Catellani-Carine-725x1024-1.webp 725w, https:\/\/pathum.eu\/wp-content\/uploads\/2025\/04\/Catellani-Carine-725x1024-1-212x300.webp 212w\" sizes=\"(max-width: 725px) 100vw, 725px\" \/>\t\t\t\t\t\t\t\t\t\t\t\t\t\t\t<\/div>\n\t\t\t\t<\/div>\n\t\t\t\t<div class=\"elementor-element elementor-element-521aa07d elementor-widget elementor-widget-image\" data-id=\"521aa07d\" data-element_type=\"widget\" data-widget_type=\"image.default\">\n\t\t\t\t<div class=\"elementor-widget-container\">\n\t\t\t\t\t\t\t\t\t\t\t\t\t\t\t<img loading=\"lazy\" decoding=\"async\" width=\"725\" height=\"1024\" src=\"https:\/\/pathum.eu\/wp-content\/uploads\/2025\/04\/Malisius-Christian-725x1024-1.webp\" class=\"attachment-full size-full wp-image-6219\" alt=\"\" srcset=\"https:\/\/pathum.eu\/wp-content\/uploads\/2025\/04\/Malisius-Christian-725x1024-1.webp 725w, https:\/\/pathum.eu\/wp-content\/uploads\/2025\/04\/Malisius-Christian-725x1024-1-212x300.webp 212w\" sizes=\"(max-width: 725px) 100vw, 725px\" \/>\t\t\t\t\t\t\t\t\t\t\t\t\t\t\t<\/div>\n\t\t\t\t<\/div>\n\t\t\t\t<div class=\"elementor-element elementor-element-7d7ec3f7 elementor-widget elementor-widget-image\" data-id=\"7d7ec3f7\" data-element_type=\"widget\" data-widget_type=\"image.default\">\n\t\t\t\t<div class=\"elementor-widget-container\">\n\t\t\t\t\t\t\t\t\t\t\t\t\t\t\t<img loading=\"lazy\" decoding=\"async\" width=\"725\" height=\"1024\" src=\"https:\/\/pathum.eu\/wp-content\/uploads\/2025\/04\/Bruning-Yvonne-725x1024-1.webp\" class=\"attachment-full size-full wp-image-6220\" alt=\"\" srcset=\"https:\/\/pathum.eu\/wp-content\/uploads\/2025\/04\/Bruning-Yvonne-725x1024-1.webp 725w, https:\/\/pathum.eu\/wp-content\/uploads\/2025\/04\/Bruning-Yvonne-725x1024-1-212x300.webp 212w\" sizes=\"(max-width: 725px) 100vw, 725px\" \/>\t\t\t\t\t\t\t\t\t\t\t\t\t\t\t<\/div>\n\t\t\t\t<\/div>\n\t\t\t\t<div class=\"elementor-element elementor-element-2776c3b8 elementor-widget elementor-widget-image\" data-id=\"2776c3b8\" data-element_type=\"widget\" data-widget_type=\"image.default\">\n\t\t\t\t<div class=\"elementor-widget-container\">\n\t\t\t\t\t\t\t\t\t\t\t\t\t\t\t<img loading=\"lazy\" decoding=\"async\" width=\"725\" height=\"1024\" src=\"https:\/\/pathum.eu\/wp-content\/uploads\/2025\/04\/Bruning-Bernd-725x1024-1.webp\" class=\"attachment-full size-full wp-image-6221\" alt=\"\" srcset=\"https:\/\/pathum.eu\/wp-content\/uploads\/2025\/04\/Bruning-Bernd-725x1024-1.webp 725w, https:\/\/pathum.eu\/wp-content\/uploads\/2025\/04\/Bruning-Bernd-725x1024-1-212x300.webp 212w\" sizes=\"(max-width: 725px) 100vw, 725px\" \/>\t\t\t\t\t\t\t\t\t\t\t\t\t\t\t<\/div>\n\t\t\t\t<\/div>\n\t\t\t\t\t<\/div>\n\t\t\t\t<\/div>\n\t\t\t\t<\/div>\n\t\t","protected":false},"excerpt":{"rendered":"<p>Jeder kann Mitglied werden, indem er 25 \u20ac mit dem Vermerk &#8222;Mitglied&#8220; auf das folgende Konto \u00fcberweist: CCPL - IBAN LU88 1111 7584 3690 0000 oder \u00fcber PayPal an info@pathum.eu DANKESCH\u00d6N<\/p>\n","protected":false},"author":1,"featured_media":0,"parent":0,"menu_order":0,"comment_status":"closed","ping_status":"closed","template":"","meta":{"_acf_changed":false,"give_campaign_id":0,"footnotes":""},"class_list":["post-8511","page","type-page","status-publish","hentry"],"acf":[],"campaignId":"","_links":{"self":[{"href":"https:\/\/pathum.eu\/de\/wp-json\/wp\/v2\/pages\/8511","targetHints":{"allow":["GET"]}}],"collection":[{"href":"https:\/\/pathum.eu\/de\/wp-json\/wp\/v2\/pages"}],"about":[{"href":"https:\/\/pathum.eu\/de\/wp-json\/wp\/v2\/types\/page"}],"author":[{"embeddable":true,"href":"https:\/\/pathum.eu\/de\/wp-json\/wp\/v2\/users\/1"}],"replies":[{"embeddable":true,"href":"https:\/\/pathum.eu\/de\/wp-json\/wp\/v2\/comments?post=8511"}],"version-history":[{"count":1,"href":"https:\/\/pathum.eu\/de\/wp-json\/wp\/v2\/pages\/8511\/revisions"}],"predecessor-version":[{"id":8524,"href":"https:\/\/pathum.eu\/de\/wp-json\/wp\/v2\/pages\/8511\/revisions\/8524"}],"wp:attachment":[{"href":"https:\/\/pathum.eu\/de\/wp-json\/wp\/v2\/media?parent=8511"}],"curies":[{"name":"wp","href":"https:\/\/api.w.org\/{rel}","templated":true}]}}