{"id":13848,"date":"2025-04-23T07:02:42","date_gmt":"2025-04-23T07:02:42","guid":{"rendered":"https:\/\/pathum.eu\/privacy-policy\/"},"modified":"2025-04-24T09:07:16","modified_gmt":"2025-04-24T09:07:16","slug":"privacy-policy","status":"publish","type":"page","link":"https:\/\/pathum.eu\/de\/privacy-policy\/","title":{"rendered":"Privacy Policy"},"content":{"rendered":"\t\t<div data-elementor-type=\"wp-page\" data-elementor-id=\"13848\" class=\"elementor elementor-13848 elementor-13821\" data-elementor-post-type=\"page\">\n\t\t\t\t<div class=\"elementor-element elementor-element-d618ae1 e-flex e-con-boxed e-con e-parent\" data-id=\"d618ae1\" data-element_type=\"container\">\n\t\t\t\t\t<div class=\"e-con-inner\">\n\t\t\t\t<div class=\"elementor-element elementor-element-59161f7 elementor-widget elementor-widget-text-editor\" data-id=\"59161f7\" data-element_type=\"widget\" data-widget_type=\"text-editor.default\">\n\t\t\t\t<div class=\"elementor-widget-container\">\n\t\t\t\t\t\t\t\t\t<h1><b>The Path to Humanity - PRIVACY POLICY (WEBSITE)<\/b><\/h1><h3><b>A. WEBSITE-INFORMATIONEN<\/b><\/h3><p><span style=\"color: #333333; font-size: 1rem;\">1. Rechtlicher Eigent\u00fcmer<\/span><\/p><p><span style=\"font-weight: 400;\">Diese Website wird von dem gemeinn\u00fctzigen Verein (Association sans but lucrative) &#8222;The<\/span> <span style=\"font-weight: 400;\">Path to Humanity&#8220; betrieben, der seinen Sitz in:<br><\/span><span style=\"font-weight: 400;\">14, rue du Chemin de Fer, L-3466 Dudelange, Luxemburg<br><\/span><span style=\"font-weight: 400;\">Unternehmensregister Luxemburg: <\/span><span style=\"font-weight: 400;\">F14205<\/span><\/p><h3><b>B. DATENSCHUTZ<\/b><\/h3><p><span style=\"color: #333333; font-size: 1rem;\">2. Data Controller<\/span><\/p><p><span style=\"font-weight: 400;\">The Path to Humanity agiert als Datenverantwortlicher in Bezug auf alle personenbezogenen Daten, die \u00fcber diese Website und w\u00e4hrend der Registrierung f\u00fcr die Mitgliedschaft verarbeitet werden. Wir verpflichten uns zum Schutz Ihrer Privatsph\u00e4re in \u00dcbereinstimmung mit der Allgemeinen Datenschutzverordnung (EU) 2016\/679 (GDPR) und den geltenden luxemburgischen Gesetzen. <\/span><\/p><p><span style=\"font-size: 1rem;\">3. Datenschutzbeauftragter<\/span><\/p><p><span style=\"font-weight: 400;\">Wir haben einen Datenschutzbeauftragten (DSB) ernannt, der die Einhaltung der<\/span> <span style=\"font-weight: 400;\">Datenschutzbestimmungen \u00fcberwacht.<br><\/span><span style=\"font-weight: 400;\">Kontakt: Yasmine H\u00e9m\u00e8s, CEO und Gr\u00fcnderin<br><\/span><span style=\"font-weight: 400;\">E-Mail:<\/span><span style=\"font-weight: 400;\"> info@pathum.eu<\/span><\/p><p><span style=\"font-size: 1rem;\">4. Zwecke und Rechtsgrundlagen der Verarbeitung<\/span><\/p><p><span style=\"font-weight: 400;\">Wir verarbeiten Ihre personenbezogenen Daten auf der Grundlage einer oder mehrerer der folgenden Rechtsgrundlagen:<br><\/span><span style=\"font-weight: 400;\">- Erf\u00fcllung eines Vertrags: um Ihren Mitgliedsantrag zu bearbeiten und Ihnen Dienstleistungen zu erbringen.<br><\/span><span style=\"font-weight: 400;\">- Erf\u00fcllung gesetzlicher Verpflichtungen: einschlie\u00dflich Buchhaltungs-, Steuer- und anderer gesetzlicher Anforderungen.<br><\/span><span style=\"font-weight: 400;\">- Berechtigte Interessen: z. B. die Verwaltung von Mitglieder- und Spenderbeziehungen,<\/span> <span style=\"font-weight: 400;\">die Bearbeitung von Abonnements, die Verbesserung unserer Website und<\/span> <span style=\"font-weight: 400;\">Dienstleistungen, die Gew\u00e4hrleistung der Netzwerk- und Informationssicherheit sowie die<\/span> <span style=\"font-weight: 400;\">F\u00f6rderung unserer Organisation und ihrer Initiativen.<br><\/span><span style=\"font-weight: 400;\">- Zustimmung: wenn ausdr\u00fccklich erforderlich (z. B. f\u00fcr den Versand von Newslettern<\/span> <span style=\"font-weight: 400;\">oder die Verwendung nicht notwendiger Cookies).<\/span><\/p><p><span style=\"font-size: 1rem;\">5. Kategorien von Datenempf\u00e4ngern<\/span><\/p><p><span style=\"font-weight: 400;\">Wir k\u00f6nnen Ihre pers\u00f6nlichen Daten weitergeben an:<\/span><span style=\"font-weight: 400;\"><br><\/span><span style=\"font-weight: 400;\">- Verbundene Unternehmen innerhalb unserer Vereinigung;<\/span><span style=\"font-weight: 400;\"><br><\/span><span style=\"font-weight: 400;\">- Dritten Dienstleistern, die als Datenverarbeiter fungieren (z.B. Hosting, Zahlung, IT-Support), im Rahmen schriftlicher Vereinbarungen, die die Einhaltung der GDPR gew\u00e4hrleisten;<\/span><span style=\"font-weight: 400;\"><br><\/span><span style=\"font-weight: 400;\">- \u00d6ffentliche Beh\u00f6rden, wenn dies gesetzlich oder regulatorisch erforderlich ist.<\/span><\/p><p><span style=\"font-size: 1rem;\">6. Internationale Daten\u00fcbermittlung<\/span><\/p><p><span style=\"font-weight: 400;\">Ihre personenbezogenen Daten werden nicht in L\u00e4nder au\u00dferhalb des Europ\u00e4ischen Wirtschaftsraums (EWR) \u00fcbermittelt. Sollte eine \u00dcbermittlung notwendig werden, werden wir sicherstellen, dass angemessene Schutzma\u00dfnahmen wie Standardvertragsklauseln (SCC) oder Angemessenheitsbeschl\u00fcsse vorhanden sind. <\/span><\/p><p><span style=\"font-size: 1rem;\">7. Vorratsdatenspeicherung<\/span><\/p><p>Wir bewahren Ihre personenbezogenen Daten nur so lange auf, wie es f\u00fcr die Erf\u00fcllung der Zwecke, f\u00fcr die sie erhoben wurden, erforderlich ist, darunter:<br><span style=\"font-weight: 400;\">- Verwaltung der<\/span> <span style=\"font-weight: 400;\">Mitgliedschaft;<br><\/span><span style=\"font-weight: 400;\">- Bereitstellung von angeforderten<\/span> <span style=\"font-weight: 400;\">Dienstleistungen;<br><\/span><span style=\"font-weight: 400;\">- Gesetzliche und beh\u00f6rdliche<\/span> <span style=\"font-weight: 400;\">Aufbewahrungsfristen<\/span> <span style=\"font-weight: 400;\">(z. B. f\u00fcr Steuer- oder Pr\u00fcfungszwecke).<br><\/span><span style=\"font-weight: 400;\">Nach Ablauf der Aufbewahrungsfrist werden Ihre Daten sicher gel\u00f6scht oder<\/span> <span style=\"font-weight: 400;\">anonymisiert.<\/span><\/p><p><span style=\"font-size: 1rem;\">8. Ihre Rechte als betroffene Person<\/span><\/p><p><span style=\"font-weight: 400;\">Nach der DSGVO haben Sie die folgenden Rechte in Bezug auf Ihre personenbezogenen Daten:<\/span><span style=\"font-weight: 400;\"><br><\/span><span style=\"font-weight: 400;\">- Recht auf Zugang: Erhalten Sie eine Best\u00e4tigung und Zugang zu Ihren pers\u00f6nlichen Daten.<\/span><span style=\"font-weight: 400;\"><br><\/span><span style=\"font-weight: 400;\">- Recht auf Berichtigung: Berichtigen Sie ungenaue oder unvollst\u00e4ndige Daten.<\/span><span style=\"font-weight: 400;\"><br><\/span><span style=\"font-weight: 400;\">- Recht auf L\u00f6schung (&#8222;Recht auf Vergessenwerden&#8220;): Verlangen Sie unter bestimmten Umst\u00e4nden die L\u00f6schung Ihrer Daten.<\/span><span style=\"font-weight: 400;\"><br><\/span><span style=\"font-weight: 400;\">- Recht auf Einschr\u00e4nkung der Verarbeitung: Beantragen Sie eine eingeschr\u00e4nkte Nutzung Ihrer Daten in bestimmten Situationen.<\/span><span style=\"font-weight: 400;\"><br><\/span><span style=\"font-weight: 400;\">- Recht auf Daten\u00fcbertragbarkeit: Erhalten Sie Ihre Daten in einem strukturierten, allgemein gebr\u00e4uchlichen Format und \u00fcbermitteln Sie sie an einen anderen Verantwortlichen.<\/span><span style=\"font-weight: 400;\"><br><\/span><span style=\"font-weight: 400;\">- Recht auf Widerspruch: Widerspruch gegen die Verarbeitung auf der Grundlage berechtigter Interessen oder Direktmarketing.<\/span><span style=\"font-weight: 400;\"><br><\/span><span style=\"font-weight: 400;\">- Recht auf Entzug der Einwilligung: Wenn die Verarbeitung auf einer Einwilligung beruht, k\u00f6nnen Sie diese jederzeit widerrufen, ohne dass die Rechtm\u00e4\u00dfigkeit der vorherigen Verarbeitung ber\u00fchrt wird.<\/span><span style=\"font-weight: 400;\"><br><\/span><span style=\"font-weight: 400;\">Um diese Rechte auszu\u00fcben, wenden Sie sich an unseren Datenschutzbeauftragten unter info@pathum.eu. Sie haben auch das Recht, eine Beschwerde bei der Commission nationale pour la protection des donn\u00e9es (CNPD) in Luxemburg einzureichen: www.cnpd.lu <\/span><\/p><h3><b>C. COOKIES<\/b><\/h3><p><span style=\"color: #333333; font-size: 1rem;\">9. Verwendung von Cookies<\/span><\/p><p><span style=\"font-weight: 400;\">Unsere Website verwendet Cookies, um eine optimale Funktionalit\u00e4t zu gew\u00e4hrleisten und um Analysen zur Verbesserung der Benutzererfahrung zu sammeln. Cookies sind kleine Textdateien, die auf Ihrem Ger\u00e4t gespeichert werden. Wir verwenden:  <\/span><span style=\"font-weight: 400;\"><br><\/span><span style=\"font-weight: 400;\">- Unverzichtbare Cookies: notwendig f\u00fcr das reibungslose Funktionieren der Website.<\/span><span style=\"font-weight: 400;\"><br><\/span><span style=\"font-weight: 400;\">- Analytische Cookies (z.B. Google Analytics): zur Erfassung anonymisierter Nutzungsstatistiken.<\/span><span style=\"font-weight: 400;\"><br><\/span><span style=\"font-weight: 400;\">- Pr\u00e4ferenz- und Marketing-Cookies (nur mit Ihrer Zustimmung): um Ihr Erlebnis zu personalisieren und relevante Inhalte zu senden.<\/span><span style=\"font-weight: 400;\"><br><\/span><span style=\"font-weight: 400;\">Bei Ihrem ersten Besuch werden Sie aufgefordert, nicht ben\u00f6tigte Cookies zu akzeptieren oder abzulehnen. Sie k\u00f6nnen Ihre Einstellungen jederzeit \u00e4ndern. <\/span><\/p>\t\t\t\t\t\t\t\t<\/div>\n\t\t\t\t<\/div>\n\t\t\t\t\t<\/div>\n\t\t\t\t<\/div>\n\t\t\t\t<\/div>\n\t\t","protected":false},"excerpt":{"rendered":"<p>The Path to Humanity - PRIVACY POLICY (WEBSITE) A. WEBSITE-INFORMATIONEN 1. Rechtlicher Eigent\u00fcmer Diese Website wird von dem gemeinn\u00fctzigen Verein (Association sans but lucrative) &#8222;The Path to Humanity&#8220; betrieben, der seinen Sitz in:14, rue du Chemin de Fer, L-3466 Dudelange, LuxemburgUnternehmensregister Luxemburg: F14205 B. DATENSCHUTZ 2. Data Controller The Path to Humanity agiert als Datenverantwortlicher &hellip; <\/p>\n<p class=\"link-more\"><a href=\"https:\/\/pathum.eu\/de\/privacy-policy\/\" class=\"more-link\">Mehr lesen<span class=\"screen-reader-text\"> &#8222;Privacy Policy&#8220;<\/span><\/a><\/p>\n","protected":false},"author":1,"featured_media":0,"parent":0,"menu_order":0,"comment_status":"closed","ping_status":"closed","template":"","meta":{"_acf_changed":false,"give_campaign_id":0,"footnotes":""},"class_list":["post-13848","page","type-page","status-publish","hentry"],"acf":[],"campaignId":"","_links":{"self":[{"href":"https:\/\/pathum.eu\/de\/wp-json\/wp\/v2\/pages\/13848","targetHints":{"allow":["GET"]}}],"collection":[{"href":"https:\/\/pathum.eu\/de\/wp-json\/wp\/v2\/pages"}],"about":[{"href":"https:\/\/pathum.eu\/de\/wp-json\/wp\/v2\/types\/page"}],"author":[{"embeddable":true,"href":"https:\/\/pathum.eu\/de\/wp-json\/wp\/v2\/users\/1"}],"replies":[{"embeddable":true,"href":"https:\/\/pathum.eu\/de\/wp-json\/wp\/v2\/comments?post=13848"}],"version-history":[{"count":5,"href":"https:\/\/pathum.eu\/de\/wp-json\/wp\/v2\/pages\/13848\/revisions"}],"predecessor-version":[{"id":15706,"href":"https:\/\/pathum.eu\/de\/wp-json\/wp\/v2\/pages\/13848\/revisions\/15706"}],"wp:attachment":[{"href":"https:\/\/pathum.eu\/de\/wp-json\/wp\/v2\/media?parent=13848"}],"curies":[{"name":"wp","href":"https:\/\/api.w.org\/{rel}","templated":true}]}}